{"id":5416,"date":"2021-09-08T19:23:38","date_gmt":"2021-09-08T19:23:38","guid":{"rendered":"https:\/\/equinoxw.com\/politique-de-confidentialite\/"},"modified":"2025-11-27T11:16:27","modified_gmt":"2025-11-27T16:16:27","slug":"politica-de-privacidad","status":"publish","type":"page","link":"https:\/\/equinoxw.com\/es\/politica-de-privacidad\/","title":{"rendered":"Pol\u00edtica de privacidad"},"content":{"rendered":"<h1>Pol\u00edtica de privacidad<\/h1>\r\nNombre de la empresa: 9402-6986 Qu\u00e9bec inc.\r\nURL del sitio web:<a href=\"https:\/\/www.equinoxw.com\/\"> https:\/\/www.equinoxw.com\/<\/a>\r\nTipo de sitio: Sitio web informativo\r\n<h2>Objetivo de esta pol\u00edtica de privacidad<\/h2>\r\nEl prop\u00f3sito de esta pol\u00edtica de privacidad es informar a los usuarios de nuestro sitio sobre los datos personales que recopilaremos, as\u00ed como la siguiente informaci\u00f3n, en su caso:\r\n<ol>\r\n \t<li>Los datos personales que recopilaremos<\/li>\r\n \t<li>El uso de los datos recopilados<\/li>\r\n \t<li>Qui\u00e9n tiene acceso a los datos recopilados<\/li>\r\n \t<li>Los derechos de los usuarios del sitio<\/li>\r\n \t<li>La pol\u00edtica de cookies del sitio<\/li>\r\n<\/ol>\r\nEsta pol\u00edtica de privacidad funciona en conjunto con los t\u00e9rminos y condiciones de uso de nuestro sitio.\r\n<h2>Leyes aplicables<\/h2>\r\nEsta pol\u00edtica est\u00e1 en conformidad con las leyes establecidas en la Ley de Protecci\u00f3n de Informaci\u00f3n Personal y Documentos Electr\u00f3nicos (PIPEDA, por sus siglas en ingl\u00e9s).\r\n\r\nPara los residentes de Quebec, esta pol\u00edtica de privacidad tiene como objetivo cumplir con la ley que moderniza las disposiciones legislativas en materia de protecci\u00f3n de informaci\u00f3n personal en el sector privado (Ley 25). Si hay inconsistencias entre este documento y la Ley 25, se aplicar\u00e1 la legislaci\u00f3n del estado. Si encontramos inconsistencias, modificaremos nuestra pol\u00edtica para cumplir con la ley aplicable.\r\n\r\nPara los residentes de los pa\u00edses de la UE, el reglamento general de protecci\u00f3n de datos (GDPR, por sus siglas en ingl\u00e9s) rige todas las pol\u00edticas de protecci\u00f3n de datos, independientemente de d\u00f3nde se encuentre el sitio. Esta pol\u00edtica de privacidad tiene como objetivo cumplir con el GDPR. Si hay inconsistencias entre esta pol\u00edtica y el GDPR, se aplicar\u00e1 el GDPR.\r\n\r\nPara los residentes del estado de California, esta pol\u00edtica de privacidad tiene como objetivo cumplir con la ley de privacidad del consumidor de california (CCPA, por sus siglas en ingl\u00e9s). Si hay inconsistencias entre este documento y la CCPA, se aplicar\u00e1 la legislaci\u00f3n del estado. Si encontramos inconsistencias, modificaremos nuestra pol\u00edtica para cumplir con la ley aplicable.\r\n<h2>Consentimiento<\/h2>\r\nLos usuarios aceptan que al usar nuestro sitio, consienten:\r\n<ol>\r\n \t<li>Las condiciones establecidas en esta pol\u00edtica de privacidad y<\/li>\r\n \t<li>La recopilaci\u00f3n, uso y retenci\u00f3n de los datos enumerados en esta pol\u00edtica.<\/li>\r\n<\/ol>\r\n<h2>Datos personales que recopilamos<\/h2>\r\n<h3>Datos recopilados autom\u00e1ticamente<\/h3>\r\nCuando visita y utiliza nuestro sitio, podemos recopilar y almacenar autom\u00e1ticamente la siguiente informaci\u00f3n:\r\n<ol>\r\n \t<li>Direcci\u00f3n IP<\/li>\r\n \t<li>Ubicaci\u00f3n<\/li>\r\n \t<li>Detalles de hardware y software<\/li>\r\n \t<li>Enlaces en los que un usuario hace clic mientras usa el sitio<\/li>\r\n \t<li>Contenido que el usuario ve en su sitio<\/li>\r\n<\/ol>\r\n<h3>Datos recopilados de manera no autom\u00e1tica<\/h3>\r\nTambi\u00e9n podemos recopilar los siguientes datos cuando realiza ciertas funciones en nuestro sitio:\r\n<ol>\r\n \t<li>Nombre y apellido<\/li>\r\n \t<li>Industria<\/li>\r\n \t<li>Empresa<\/li>\r\n \t<li>Correo electr\u00f3nico<\/li>\r\n \t<li>N\u00famero de tel\u00e9fono<\/li>\r\n \t<li>Puesto buscado<\/li>\r\n \t<li>Experiencia requerida<\/li>\r\n \t<li>Informaci\u00f3n sobre una b\u00fasqueda de personal<\/li>\r\n<\/ol>\r\nEstos datos pueden ser recopilados a trav\u00e9s de los siguientes m\u00e9todos:\r\n<ul>\r\n \t<li style=\"font-weight: 400;\" aria-level=\"1\">Formulario de solicitud de contacto<\/li>\r\n<\/ul>\r\nTenga en cuenta que solo recopilamos los datos que nos ayudan a lograr el objetivo establecido en esta pol\u00edtica de privacidad. No recopilaremos datos adicionales sin informarle previamente.\r\n<h2>\u00a0\u00bfC\u00f3mo utilizamos los datos personales?<\/h2>\r\nLos datos personales recopilados en nuestro sitio se utilizar\u00e1n \u00fanicamente para los fines especificados en esta pol\u00edtica o indicados en las p\u00e1ginas relevantes de nuestro sitio. No usaremos sus datos m\u00e1s all\u00e1 de lo que divulgaremos.\r\n\r\nLos datos que recopilamos autom\u00e1ticamente se utilizan para los siguientes fines:\r\n<ol>\r\n \t<li>Anal\u00edtica<\/li>\r\n \t<li>Rendimiento<\/li>\r\n \t<li>Funcionalidad<\/li>\r\n \t<li>Publicidad<\/li>\r\n<\/ol>\r\nLos datos que recopilamos cuando el usuario realiza ciertas funciones pueden ser utilizados para los siguientes fines:\r\n\r\nFines para los cuales los datos pueden ser utilizados\r\n<ol>\r\n \t<li>Comunicaci\u00f3n<\/li>\r\n<\/ol>\r\n<h2>\u00bfCon qui\u00e9n compartimos los datos personales?<\/h2>\r\n<h3>Empleados<\/h3>\r\nPodemos divulgar a cualquier miembro de nuestra organizaci\u00f3n los datos del usuario que razonablemente necesite para lograr los objetivos establecidos en esta pol\u00edtica.\r\n<h3>Terceros<\/h3>\r\nPodemos compartir los datos del usuario con los siguientes terceros:\r\n<ul>\r\n \t<li style=\"font-weight: 400;\" aria-level=\"1\">Nuestra agencia de marketing<\/li>\r\n \t<li style=\"font-weight: 400;\" aria-level=\"1\">Nuestra agencia web: <a href=\"http:\/\/treize.pro\" target=\"_blank\" rel=\"noopener\">Agencia web TREIZE<\/a><\/li>\r\n<\/ul>\r\nPodemos compartir los datos del usuario con terceros para los siguientes fines:\r\n\r\nRazones para compartir con terceros\r\n<ul>\r\n \t<li style=\"font-weight: 400;\" aria-level=\"1\">Consultar las tendencias de los visitantes<\/li>\r\n<\/ul>\r\nLos terceros no podr\u00e1n acceder a los datos de los usuarios m\u00e1s all\u00e1 de lo que es razonablemente necesario para lograr el objetivo dado.\r\n<h3>Otras divulgaciones<\/h3>\r\nNos comprometemos a no vender o compartir sus datos con terceros, excepto en los siguientes casos:\r\n<ol>\r\n \t<li>si la ley lo requiere<\/li>\r\n \t<li>si es necesario para cualquier procedimiento judicial<\/li>\r\n \t<li>para probar o proteger nuestros derechos legales<\/li>\r\n \t<li>a compradores o posibles compradores de esta compa\u00f1\u00eda en el caso de que busquemos vender la compa\u00f1\u00eda<\/li>\r\n<\/ol>\r\nSi sigue hiperenlaces de nuestro sitio a otro sitio, tenga en cuenta que no somos responsables y no tenemos control sobre sus pol\u00edticas y pr\u00e1cticas de privacidad.\r\n<h2>\u00bfCu\u00e1nto tiempo almacenamos los datos personales?<\/h2>\r\nNo conservamos los datos de los usuarios m\u00e1s all\u00e1 de lo necesario para lograr los fines para los cuales se recopilan.\r\n<h2>\u00bfC\u00f3mo protegemos sus datos personales?<\/h2>\r\nPara garantizar la protecci\u00f3n de su seguridad, todos los datos almacenados en nuestro sistema est\u00e1n bien asegurados y solo son accesibles para nuestros empleados. Nuestros empleados est\u00e1n sujetos a estrictos acuerdos de confidencialidad y una violaci\u00f3n de este acuerdo resultar\u00eda en el despido del empleado.\r\n\r\nSi bien tomamos todas las precauciones razonables para asegurar que nuestros datos de usuario est\u00e9n seguros y que los usuarios est\u00e9n protegidos, siempre hay un riesgo de da\u00f1o. El Internet en su conjunto puede ser, a veces, inseguro y, por lo tanto, no podemos garantizar la seguridad de los datos de los usuarios m\u00e1s all\u00e1 de lo que es razonablemente pr\u00e1ctico.\r\n<h2>Menores<\/h2>\r\nPara los residentes de la UE, el GDPR establece que las personas menores de 15 a\u00f1os se consideran menores para fines de recopilaci\u00f3n de datos. Los menores deben tener el consentimiento de un representante legal para que sus datos sean recopilados, procesados y utilizados.\r\n<h2>Sus derechos como usuario<\/h2>\r\nComo usuario, tiene derecho a acceder a todos sus datos personales que hemos recopilado. Adem\u00e1s, tiene derecho a actualizar o corregir cualquier dato personal en nuestra posesi\u00f3n siempre que sea aceptable seg\u00fan la ley.\r\n\r\nPuede optar por eliminar o modificar su consentimiento para la recopilaci\u00f3n y uso de datos en cualquier momento, siempre que sea legalmente aceptable hacerlo y que nos haya informado dentro de un plazo razonable.\r\n<h2>\u00bfC\u00f3mo modificar, eliminar o impugnar los datos recopilados?<\/h2>\r\nSi desea que sus datos sean eliminados o modificados de alguna manera, por favor, comun\u00edquese con nuestro agente de protecci\u00f3n de privacidad aqu\u00ed:\r\n\r\nDaniel Beland\r\ndb@equinoxw.com\r\n(514) 312-1747\r\n<h2>Pol\u00edtica de cookies<\/h2>\r\nUna cookie es un peque\u00f1o archivo almacenado en el disco duro de un usuario por el sitio web. Su prop\u00f3sito es recopilar datos relacionados con los h\u00e1bitos de navegaci\u00f3n del usuario.\r\n\r\nUtilizamos los siguientes tipos de cookies en nuestro sitio:\r\n\r\nTipos de cookies\r\n<ol>\r\n \t<li>Cookies funcionales: Las cookies funcionales permiten realizar ciertas funcionalidades, como compartir el contenido del sitio web en plataformas de redes sociales, recopilar comentarios y otras caracter\u00edsticas de terceros.<\/li>\r\n \t<li>Cookies publicitarias: Las cookies publicitarias se utilizan para proporcionar a los visitantes anuncios personalizados basados en p\u00e1ginas visitadas previamente y analizar la efectividad de la campa\u00f1a publicitaria.<\/li>\r\n \t<li>Cookies anal\u00edticas: Las cookies anal\u00edticas se utilizan para entender c\u00f3mo los visitantes interact\u00faan con el sitio web. Estas cookies ayudan a proporcionar informaci\u00f3n sobre el n\u00famero de visitantes, la tasa de rebote, la fuente de tr\u00e1fico, etc.<\/li>\r\n \t<li>Cookies de rendimiento: Las cookies de rendimiento se utilizan para entender y analizar los indicadores clave de rendimiento del sitio web, lo que ayuda a proporcionar una mejor experiencia de usuario para los visitantes.<\/li>\r\n<\/ol>\r\nPuede optar por desactivar completamente las cookies o parcialmente, pero esto puede disminuir la calidad de su experiencia de uso.\r\n<h2>Modificaciones<\/h2>\r\nEsta pol\u00edtica de privacidad puede modificarse de vez en cuando para mantener el cumplimiento con la ley y considerar cualquier cambio en nuestro proceso de recopilaci\u00f3n de datos. Recomendamos a nuestros usuarios revisar nuestra pol\u00edtica peri\u00f3dicamente para asegurarse de estar informados de cualquier actualizaci\u00f3n. Si es necesario, podemos informar a los usuarios por correo electr\u00f3nico sobre los cambios realizados en esta pol\u00edtica.\r\n<h2>Contacto<\/h2>\r\nSi tiene alguna pregunta que hacernos, no dude en comunicarse con nosotros utilizando lo siguiente:\r\n\r\n<span style=\"font-weight: 400;\">(514) 312-1747<\/span>\r\n\r\n<span style=\"font-weight: 400;\">\r\n<\/span><a href=\"mailto:info@equinoxw.com\"><span style=\"font-weight: 400;\">info@equinoxw.com<\/span><\/a>\r\n\r\n2307, boul. Ren\u00e9-L\u00e9vesque Ouest, suite 230, Montr\u00e9al (Qu\u00e9bec) H3H 1R7\r\n\r\nFecha de entrada en vigor: 14 de diciembre de 2023\r\n\r\n<!-- \/wp:post-content -->","protected":false},"excerpt":{"rendered":"<p>Pol\u00edtica de privacidad Nombre de la empresa: 9402-6986 Qu\u00e9bec inc. URL del sitio web: https:\/\/www.equinoxw.com\/ Tipo de sitio: Sitio web informativo Objetivo de esta pol\u00edtica de privacidad El prop\u00f3sito de esta pol\u00edtica de privacidad es informar a los usuarios de nuestro sitio sobre los datos personales que recopilaremos, as\u00ed como la siguiente informaci\u00f3n, en su [&hellip;]<\/p>\n","protected":false},"author":1,"featured_media":0,"parent":0,"menu_order":9,"comment_status":"closed","ping_status":"closed","template":"","meta":{"_acf_changed":false,"content-type":"","footnotes":""},"class_list":["post-5416","page","type-page","status-publish","hentry"],"acf":[],"_links":{"self":[{"href":"https:\/\/equinoxw.com\/es\/wp-json\/wp\/v2\/pages\/5416","targetHints":{"allow":["GET"]}}],"collection":[{"href":"https:\/\/equinoxw.com\/es\/wp-json\/wp\/v2\/pages"}],"about":[{"href":"https:\/\/equinoxw.com\/es\/wp-json\/wp\/v2\/types\/page"}],"author":[{"embeddable":true,"href":"https:\/\/equinoxw.com\/es\/wp-json\/wp\/v2\/users\/1"}],"replies":[{"embeddable":true,"href":"https:\/\/equinoxw.com\/es\/wp-json\/wp\/v2\/comments?post=5416"}],"version-history":[{"count":0,"href":"https:\/\/equinoxw.com\/es\/wp-json\/wp\/v2\/pages\/5416\/revisions"}],"wp:attachment":[{"href":"https:\/\/equinoxw.com\/es\/wp-json\/wp\/v2\/media?parent=5416"}],"curies":[{"name":"wp","href":"https:\/\/api.w.org\/{rel}","templated":true}]}}